{"id":6,"date":"2019-11-01T19:43:00","date_gmt":"2019-11-01T18:43:00","guid":{"rendered":"https:\/\/tcvorau.at\/wintercup\/?page_id=6"},"modified":"2019-11-01T19:43:00","modified_gmt":"2019-11-01T18:43:00","slug":"startseite","status":"publish","type":"page","link":"https:\/\/www.tcvorau.at\/wintercup\/","title":{"rendered":"Startseite"},"content":{"rendered":"<div class=\"col-md-5\">\n<h3>\u00dcber Hestia<\/h3>\n<p>Du brauchst mehr Details? Bitte schau dir unsere vollst\u00e4ndige Dokumentation mit detaillierten Informationen \u00fcber die Nutzung von Hestia an.<\/p><\/div>\n<div class=\"col-md-6 col-md-offset-1\"><img decoding=\"async\" class=\"size-medium alignright\" src=\"https:\/\/tcvorau.at\/wintercup\/wp-content\/themes\/hestia\/assets\/img\/about-content.png\"\/><\/div>\n","protected":false},"excerpt":{"rendered":"<p>\u00dcber Hestia Du brauchst mehr Details? Bitte schau dir unsere vollst\u00e4ndige Dokumentation mit detaillierten Informationen \u00fcber die Nutzung von Hestia an.<\/p>\n","protected":false},"author":1,"featured_media":0,"parent":0,"menu_order":0,"comment_status":"closed","ping_status":"closed","template":"","meta":[],"_links":{"self":[{"href":"https:\/\/www.tcvorau.at\/wintercup\/wp-json\/wp\/v2\/pages\/6"}],"collection":[{"href":"https:\/\/www.tcvorau.at\/wintercup\/wp-json\/wp\/v2\/pages"}],"about":[{"href":"https:\/\/www.tcvorau.at\/wintercup\/wp-json\/wp\/v2\/types\/page"}],"author":[{"embeddable":true,"href":"https:\/\/www.tcvorau.at\/wintercup\/wp-json\/wp\/v2\/users\/1"}],"replies":[{"embeddable":true,"href":"https:\/\/www.tcvorau.at\/wintercup\/wp-json\/wp\/v2\/comments?post=6"}],"version-history":[{"count":1,"href":"https:\/\/www.tcvorau.at\/wintercup\/wp-json\/wp\/v2\/pages\/6\/revisions"}],"predecessor-version":[{"id":10,"href":"https:\/\/www.tcvorau.at\/wintercup\/wp-json\/wp\/v2\/pages\/6\/revisions\/10"}],"wp:attachment":[{"href":"https:\/\/www.tcvorau.at\/wintercup\/wp-json\/wp\/v2\/media?parent=6"}],"curies":[{"name":"wp","href":"https:\/\/api.w.org\/{rel}","templated":true}]}}